{"id":7685,"date":"2025-08-19T17:21:44","date_gmt":"2025-08-19T15:21:44","guid":{"rendered":"http:\/\/new.masalo.shop\/?page_id=7685"},"modified":"2025-08-23T17:21:25","modified_gmt":"2025-08-23T15:21:25","slug":"plejeanvisninger","status":"publish","type":"page","link":"https:\/\/www.masalo.shop\/da\/pflegehinweise\/","title":{"rendered":"Plejevejledning"},"content":{"rendered":"<div data-elementor-type=\"wp-page\" data-elementor-id=\"7685\" class=\"elementor elementor-7685\" data-elementor-post-type=\"page\">\n\t\t\t\t<div class=\"elementor-element elementor-element-69cc1c56 e-con-full e-flex e-con e-parent\" data-id=\"69cc1c56\" data-element_type=\"container\" data-e-type=\"container\" data-settings=\"{&quot;background_background&quot;:&quot;classic&quot;}\">\n\t\t<div class=\"elementor-element elementor-element-480e49e2 e-flex e-con-boxed e-con e-child\" data-id=\"480e49e2\" data-element_type=\"container\" data-e-type=\"container\">\n\t\t\t\t\t<div class=\"e-con-inner\">\n\t\t\t\t<div class=\"elementor-element elementor-element-eed8c39 elementor-widget elementor-widget-heading\" data-id=\"eed8c39\" data-element_type=\"widget\" data-e-type=\"widget\" data-widget_type=\"heading.default\">\n\t\t\t\t<div class=\"elementor-widget-container\">\n\t\t\t\t\t<h2 class=\"elementor-heading-title elementor-size-default\">Plejeanvisninger og vask af manchetten\n<\/h2>\t\t\t\t<\/div>\n\t\t\t\t<\/div>\n\t\t\t\t\t<\/div>\n\t\t\t\t<\/div>\n\t\t\t\t<\/div>\n\t\t<div class=\"elementor-element elementor-element-d3cd28a e-flex e-con-boxed e-con e-parent\" data-id=\"d3cd28a\" data-element_type=\"container\" data-e-type=\"container\">\n\t\t\t\t\t<div class=\"e-con-inner\">\n\t\t\t\t<div class=\"elementor-element elementor-element-b735b5e elementor-widget elementor-widget-text-editor\" data-id=\"b735b5e\" data-element_type=\"widget\" data-e-type=\"widget\" data-widget_type=\"text-editor.default\">\n\t\t\t\t<div class=\"elementor-widget-container\">\n\t\t\t\t\t\t\t\t\t<p><strong>Vask af manchetten<\/strong><br \/>Masalo\u00ae Cuff MED kan b\u00e6res af <strong>H\u00e5ndvask ved 30\u00b0C<\/strong> blive vasket.<\/p><p>Brug kommercielt tilg\u00e6ngelige reng\u00f8ringsmidler (uden blegemiddel).<\/p><p>For at bevare velcrolukningernes funktionalitet i lang tid og for at undg\u00e5 skader anbefaler vi at lukke lukningerne f\u00f8r vask.<\/p><p>Uds\u00e6t ikke produktet for direkte varme (f.eks. opvarmning, sollys osv.), n\u00e5r det t\u00f8rrer.<\/p><p><strong>L\u00e6g aldrig produktet i en t\u00f8rretumbler!<\/strong><\/p>\t\t\t\t\t\t\t\t<\/div>\n\t\t\t\t<\/div>\n\t\t\t\t\t<\/div>\n\t\t\t\t<\/div>\n\t\t<div class=\"elementor-element elementor-element-b5f7a43 e-flex e-con-boxed e-con e-parent\" data-id=\"b5f7a43\" data-element_type=\"container\" data-e-type=\"container\">\n\t\t\t\t\t<div class=\"e-con-inner\">\n\t\t\t\t<div class=\"elementor-element elementor-element-727c8bd elementor-widget elementor-widget-image\" data-id=\"727c8bd\" data-element_type=\"widget\" data-e-type=\"widget\" data-widget_type=\"image.default\">\n\t\t\t\t<div class=\"elementor-widget-container\">\n\t\t\t\t\t\t\t\t\t\t\t\t\t\t\t<img fetchpriority=\"high\" decoding=\"async\" width=\"1024\" height=\"649\" src=\"https:\/\/www.masalo.shop\/wp-content\/uploads\/2025\/08\/Masalo_Manschette_gegen_Tennisarm_Golferarm_Mausarm_Epicondylitis-Waschen_der_Masalo_Manschette-1024x649.jpg\" class=\"attachment-large size-large wp-image-7706\" alt=\"Masalo cuff: Effektiv hj\u00e6lp til tennisalbue og golfalbue\" srcset=\"https:\/\/www.masalo.shop\/wp-content\/uploads\/2025\/08\/Masalo_Manschette_gegen_Tennisarm_Golferarm_Mausarm_Epicondylitis-Waschen_der_Masalo_Manschette-1024x649.jpg 1024w, https:\/\/www.masalo.shop\/wp-content\/uploads\/2025\/08\/Masalo_Manschette_gegen_Tennisarm_Golferarm_Mausarm_Epicondylitis-Waschen_der_Masalo_Manschette-300x190.jpg 300w, https:\/\/www.masalo.shop\/wp-content\/uploads\/2025\/08\/Masalo_Manschette_gegen_Tennisarm_Golferarm_Mausarm_Epicondylitis-Waschen_der_Masalo_Manschette-768x487.jpg 768w, https:\/\/www.masalo.shop\/wp-content\/uploads\/2025\/08\/Masalo_Manschette_gegen_Tennisarm_Golferarm_Mausarm_Epicondylitis-Waschen_der_Masalo_Manschette-1536x974.jpg 1536w, https:\/\/www.masalo.shop\/wp-content\/uploads\/2025\/08\/Masalo_Manschette_gegen_Tennisarm_Golferarm_Mausarm_Epicondylitis-Waschen_der_Masalo_Manschette-18x12.jpg 18w, https:\/\/www.masalo.shop\/wp-content\/uploads\/2025\/08\/Masalo_Manschette_gegen_Tennisarm_Golferarm_Mausarm_Epicondylitis-Waschen_der_Masalo_Manschette-990x628.jpg 990w, https:\/\/www.masalo.shop\/wp-content\/uploads\/2025\/08\/Masalo_Manschette_gegen_Tennisarm_Golferarm_Mausarm_Epicondylitis-Waschen_der_Masalo_Manschette-441x280.jpg 441w, https:\/\/www.masalo.shop\/wp-content\/uploads\/2025\/08\/Masalo_Manschette_gegen_Tennisarm_Golferarm_Mausarm_Epicondylitis-Waschen_der_Masalo_Manschette-800x507.jpg 800w, https:\/\/www.masalo.shop\/wp-content\/uploads\/2025\/08\/Masalo_Manschette_gegen_Tennisarm_Golferarm_Mausarm_Epicondylitis-Waschen_der_Masalo_Manschette-150x95.jpg 150w, https:\/\/www.masalo.shop\/wp-content\/uploads\/2025\/08\/Masalo_Manschette_gegen_Tennisarm_Golferarm_Mausarm_Epicondylitis-Waschen_der_Masalo_Manschette.jpg 1550w\" sizes=\"(max-width: 1024px) 100vw, 1024px\" title=\"\">\t\t\t\t\t\t\t\t\t\t\t\t\t\t\t<\/div>\n\t\t\t\t<\/div>\n\t\t\t\t\t<\/div>\n\t\t\t\t<\/div>\n\t\t\t\t<\/div>","protected":false},"excerpt":{"rendered":"<p>Pflegehinweise &amp; Waschen der Manschette Waschen der ManschetteDie Masalo\u00ae Manschette MED kann per Handw\u00e4sche bei 30\u00b0C gewaschen werden. Als Reinigungsmittel verwenden Sie bitte handels\u00fcbliche Waschmittel (ohne Bleichmittel). Um die Funktionsf\u00e4higkeit der Klettverschl\u00fcsse lange Zeit zu erhalten und um Besch\u00e4digungen zu vermeiden, empfehlen wir die Verschl\u00fcsse vor der W\u00e4sche zu schlie\u00dfen. Beim Trocknen das Produkt nicht [&hellip;]<\/p>\n","protected":false},"author":1,"featured_media":0,"parent":0,"menu_order":0,"comment_status":"closed","ping_status":"closed","template":"template-canvas.php","meta":{"footnotes":""},"class_list":["post-7685","page","type-page","status-publish","hentry"],"_links":{"self":[{"href":"https:\/\/www.masalo.shop\/da\/wp-json\/wp\/v2\/pages\/7685","targetHints":{"allow":["GET"]}}],"collection":[{"href":"https:\/\/www.masalo.shop\/da\/wp-json\/wp\/v2\/pages"}],"about":[{"href":"https:\/\/www.masalo.shop\/da\/wp-json\/wp\/v2\/types\/page"}],"author":[{"embeddable":true,"href":"https:\/\/www.masalo.shop\/da\/wp-json\/wp\/v2\/users\/1"}],"replies":[{"embeddable":true,"href":"https:\/\/www.masalo.shop\/da\/wp-json\/wp\/v2\/comments?post=7685"}],"version-history":[{"count":0,"href":"https:\/\/www.masalo.shop\/da\/wp-json\/wp\/v2\/pages\/7685\/revisions"}],"wp:attachment":[{"href":"https:\/\/www.masalo.shop\/da\/wp-json\/wp\/v2\/media?parent=7685"}],"curies":[{"name":"wp","href":"https:\/\/api.w.org\/{rel}","templated":true}]}}