{"id":7210,"date":"2025-08-18T16:31:13","date_gmt":"2025-08-18T14:31:13","guid":{"rendered":"http:\/\/new.masalo.shop\/?post_type=product&#038;p=7210"},"modified":"2026-04-16T13:31:48","modified_gmt":"2026-04-16T11:31:48","slug":"manguito-de-masalo","status":"publish","type":"product","link":"https:\/\/www.masalo.shop\/es\/masalo-manschette\/","title":{"rendered":"Pu\u00f1o Masalo MED"},"content":{"rendered":"<div data-elementor-type=\"container\" data-elementor-id=\"7767\" class=\"elementor elementor-7767\" data-elementor-post-type=\"elementor_library\">\n\t\t\t\t<div class=\"elementor-element elementor-element-6ce4e554 e-flex e-con-boxed e-con e-parent\" data-id=\"6ce4e554\" data-element_type=\"container\" data-e-type=\"container\">\n\t\t\t\t\t<div class=\"e-con-inner\">\n\t\t<div class=\"elementor-element elementor-element-3baf92c0 e-con-full e-flex e-con e-child\" data-id=\"3baf92c0\" data-element_type=\"container\" data-e-type=\"container\">\n\t\t\t\t<div class=\"elementor-element elementor-element-42efc514 elementor-widget elementor-widget-text-editor\" data-id=\"42efc514\" data-element_type=\"widget\" data-e-type=\"widget\" data-widget_type=\"text-editor.default\">\n\t\t\t\t<div class=\"elementor-widget-container\">\n\t\t\t\t\t\t\t\t\t<p>De la mano a la <strong>Mu\u00f1eca<\/strong> M\u00fasculos con sus tendones al codo - 5 m\u00fasculos a cada lado del codo.<br \/>La finalidad de estos m\u00fasculos es proporcionar a los dedos, al metacarpo, a la mu\u00f1eca, pero tambi\u00e9n al antebrazo y a la articulaci\u00f3n del codo, muchos tipos diferentes de apoyo. <strong>Habilitar movimientos y funciones<\/strong>.<\/p><p>Muchas personas experimentan dolor, inflamaci\u00f3n, desgarros en las inserciones tendinosas y sobrecarga en el codo o a su alrededor, lo que da lugar a una <strong>Epicondilitis<\/strong> (codo de tenista, codo de golfista, codo de rat\u00f3n)<\/p>\t\t\t\t\t\t\t\t<\/div>\n\t\t\t\t<\/div>\n\t\t\t\t<\/div>\n\t\t<div class=\"elementor-element elementor-element-3200b85f e-con-full e-flex e-con e-child\" data-id=\"3200b85f\" data-element_type=\"container\" data-e-type=\"container\" data-settings=\"{&quot;background_background&quot;:&quot;classic&quot;}\">\n\t\t\t\t<div class=\"elementor-element elementor-element-1a29d7b6 elementor-widget elementor-widget-image\" data-id=\"1a29d7b6\" data-element_type=\"widget\" data-e-type=\"widget\" data-widget_type=\"image.default\">\n\t\t\t\t<div class=\"elementor-widget-container\">\n\t\t\t\t\t\t\t\t\t\t\t\t\t\t\t<img fetchpriority=\"high\" decoding=\"async\" width=\"1000\" height=\"1000\" src=\"https:\/\/www.masalo.shop\/wp-content\/uploads\/2025\/08\/2.jpg\" class=\"attachment-large size-large wp-image-7483\" alt=\"Manguito de masalo: ayuda eficaz para el codo de tenista y el codo de golfista\" srcset=\"https:\/\/www.masalo.shop\/wp-content\/uploads\/2025\/08\/2.jpg 1000w, https:\/\/www.masalo.shop\/wp-content\/uploads\/2025\/08\/2-300x300.jpg 300w, https:\/\/www.masalo.shop\/wp-content\/uploads\/2025\/08\/2-150x150.jpg 150w, https:\/\/www.masalo.shop\/wp-content\/uploads\/2025\/08\/2-768x768.jpg 768w, https:\/\/www.masalo.shop\/wp-content\/uploads\/2025\/08\/2-12x12.jpg 12w, https:\/\/www.masalo.shop\/wp-content\/uploads\/2025\/08\/2-700x700.jpg 700w, https:\/\/www.masalo.shop\/wp-content\/uploads\/2025\/08\/2-990x990.jpg 990w, https:\/\/www.masalo.shop\/wp-content\/uploads\/2025\/08\/2-441x441.jpg 441w, https:\/\/www.masalo.shop\/wp-content\/uploads\/2025\/08\/2-100x100.jpg 100w, https:\/\/www.masalo.shop\/wp-content\/uploads\/2025\/08\/2-800x800.jpg 800w\" sizes=\"(max-width: 1000px) 100vw, 1000px\" title=\"\">\t\t\t\t\t\t\t\t\t\t\t\t\t\t\t<\/div>\n\t\t\t\t<\/div>\n\t\t\t\t<\/div>\n\t\t\t\t\t<\/div>\n\t\t\t\t<\/div>\n\t\t<div class=\"elementor-element elementor-element-3bea898 e-flex e-con-boxed e-con e-parent\" data-id=\"3bea898\" data-element_type=\"container\" data-e-type=\"container\">\n\t\t\t\t\t<div class=\"e-con-inner\">\n\t\t<div class=\"elementor-element elementor-element-0458d01 e-con-full e-flex e-con e-child\" data-id=\"0458d01\" data-element_type=\"container\" data-e-type=\"container\" data-settings=\"{&quot;background_background&quot;:&quot;classic&quot;}\">\n\t\t\t\t<div class=\"elementor-element elementor-element-72d029f elementor-widget elementor-widget-image\" data-id=\"72d029f\" data-element_type=\"widget\" data-e-type=\"widget\" data-widget_type=\"image.default\">\n\t\t\t\t<div class=\"elementor-widget-container\">\n\t\t\t\t\t\t\t\t\t\t\t\t\t\t\t<img decoding=\"async\" width=\"1000\" height=\"1000\" src=\"https:\/\/www.masalo.shop\/wp-content\/uploads\/2025\/08\/1.jpg\" class=\"attachment-large size-large wp-image-7482\" alt=\"Manguito de masalo: ayuda eficaz para el codo de tenista y el codo de golfista\" srcset=\"https:\/\/www.masalo.shop\/wp-content\/uploads\/2025\/08\/1.jpg 1000w, https:\/\/www.masalo.shop\/wp-content\/uploads\/2025\/08\/1-300x300.jpg 300w, https:\/\/www.masalo.shop\/wp-content\/uploads\/2025\/08\/1-150x150.jpg 150w, https:\/\/www.masalo.shop\/wp-content\/uploads\/2025\/08\/1-768x768.jpg 768w, https:\/\/www.masalo.shop\/wp-content\/uploads\/2025\/08\/1-12x12.jpg 12w, https:\/\/www.masalo.shop\/wp-content\/uploads\/2025\/08\/1-700x700.jpg 700w, https:\/\/www.masalo.shop\/wp-content\/uploads\/2025\/08\/1-990x990.jpg 990w, https:\/\/www.masalo.shop\/wp-content\/uploads\/2025\/08\/1-441x441.jpg 441w, https:\/\/www.masalo.shop\/wp-content\/uploads\/2025\/08\/1-100x100.jpg 100w, https:\/\/www.masalo.shop\/wp-content\/uploads\/2025\/08\/1-800x800.jpg 800w\" sizes=\"(max-width: 1000px) 100vw, 1000px\" title=\"\">\t\t\t\t\t\t\t\t\t\t\t\t\t\t\t<\/div>\n\t\t\t\t<\/div>\n\t\t\t\t<\/div>\n\t\t<div class=\"elementor-element elementor-element-01a2c10 e-con-full e-flex e-con e-child\" data-id=\"01a2c10\" data-element_type=\"container\" data-e-type=\"container\">\n\t\t\t\t<div class=\"elementor-element elementor-element-053ff02 elementor-widget elementor-widget-text-editor\" data-id=\"053ff02\" data-element_type=\"widget\" data-e-type=\"widget\" data-widget_type=\"text-editor.default\">\n\t\t\t\t<div class=\"elementor-widget-container\">\n\t\t\t\t\t\t\t\t\t<p>El manguito Masalo\u00ae MED ayuda a tratar la epicondilitis de forma eficaz, r\u00e1pida y duradera gracias a su exclusivo principio de contratracci\u00f3n.<\/p><p>El dolor y los problemas de la epicondilitis se localizan en el codo, pero la causa de esta lesi\u00f3n se encuentra en la zona de la mano y la mu\u00f1eca.<\/p>\t\t\t\t\t\t\t\t<\/div>\n\t\t\t\t<\/div>\n\t\t\t\t<\/div>\n\t\t\t\t\t<\/div>\n\t\t\t\t<\/div>\n\t\t<div class=\"elementor-element elementor-element-b445004 e-flex e-con-boxed e-con e-parent\" data-id=\"b445004\" data-element_type=\"container\" data-e-type=\"container\">\n\t\t\t\t\t<div class=\"e-con-inner\">\n\t\t<div class=\"elementor-element elementor-element-1cb9ceb e-con-full e-flex e-con e-child\" data-id=\"1cb9ceb\" data-element_type=\"container\" data-e-type=\"container\">\n\t\t\t\t<div class=\"elementor-element elementor-element-9b8b899 elementor-widget elementor-widget-text-editor\" data-id=\"9b8b899\" data-element_type=\"widget\" data-e-type=\"widget\" data-widget_type=\"text-editor.default\">\n\t\t\t\t<div class=\"elementor-widget-container\">\n\t\t\t\t\t\t\t\t\t<p>La epicondilitis est\u00e1 causada por las fuerzas de tracci\u00f3n de los m\u00fasculos del antebrazo, que provocan microdesgarros en las inserciones tendinosas del codo.<\/p><p>Estas distensiones suelen producirse por hiperextensi\u00f3n de la mu\u00f1eca -por ejemplo, al trabajar con el rat\u00f3n del ordenador- o durante actividades cotidianas, deportes, jardiner\u00eda, tejer o hacer ganchillo.<\/p><p>La inestabilidad de la mu\u00f1eca tambi\u00e9n puede influir, por ejemplo, al levantar cargas y pesos o al jugar al tenis y al tenis de mesa.<\/p>\t\t\t\t\t\t\t\t<\/div>\n\t\t\t\t<\/div>\n\t\t\t\t<\/div>\n\t\t<div class=\"elementor-element elementor-element-9b94a01 e-con-full e-flex e-con e-child\" data-id=\"9b94a01\" data-element_type=\"container\" data-e-type=\"container\" data-settings=\"{&quot;background_background&quot;:&quot;classic&quot;}\">\n\t\t\t\t<div class=\"elementor-element elementor-element-c4a1059 elementor-widget elementor-widget-image\" data-id=\"c4a1059\" data-element_type=\"widget\" data-e-type=\"widget\" data-widget_type=\"image.default\">\n\t\t\t\t<div class=\"elementor-widget-container\">\n\t\t\t\t\t\t\t\t\t\t\t\t\t\t\t<img decoding=\"async\" width=\"1000\" height=\"1000\" src=\"https:\/\/www.masalo.shop\/wp-content\/uploads\/2025\/08\/masalo_1000x1000.jpg\" class=\"attachment-large size-large wp-image-7771\" alt=\"Manguito de masalo: ayuda eficaz para el codo de tenista y el codo de golfista\" srcset=\"https:\/\/www.masalo.shop\/wp-content\/uploads\/2025\/08\/masalo_1000x1000.jpg 1000w, https:\/\/www.masalo.shop\/wp-content\/uploads\/2025\/08\/masalo_1000x1000-300x300.jpg 300w, https:\/\/www.masalo.shop\/wp-content\/uploads\/2025\/08\/masalo_1000x1000-150x150.jpg 150w, https:\/\/www.masalo.shop\/wp-content\/uploads\/2025\/08\/masalo_1000x1000-768x768.jpg 768w, https:\/\/www.masalo.shop\/wp-content\/uploads\/2025\/08\/masalo_1000x1000-12x12.jpg 12w, https:\/\/www.masalo.shop\/wp-content\/uploads\/2025\/08\/masalo_1000x1000-990x990.jpg 990w, https:\/\/www.masalo.shop\/wp-content\/uploads\/2025\/08\/masalo_1000x1000-441x441.jpg 441w, https:\/\/www.masalo.shop\/wp-content\/uploads\/2025\/08\/masalo_1000x1000-100x100.jpg 100w, https:\/\/www.masalo.shop\/wp-content\/uploads\/2025\/08\/masalo_1000x1000-800x800.jpg 800w\" sizes=\"(max-width: 1000px) 100vw, 1000px\" title=\"\">\t\t\t\t\t\t\t\t\t\t\t\t\t\t\t<\/div>\n\t\t\t\t<\/div>\n\t\t\t\t<\/div>\n\t\t\t\t\t<\/div>\n\t\t\t\t<\/div>\n\t\t\t\t<\/div>\n\t\t\n\n\n\n<p><\/p>","protected":false},"excerpt":{"rendered":"<p>El Masalo Cuff MED alivia los tendones afectados del codo gracias a un principio especial de contratracci\u00f3n. Esto reduce notablemente el dolor del codo de tenista (epicondilitis lateral) y del codo de golfista (epicondilitis medial), sin necesidad de medicaci\u00f3n ni cirug\u00eda. Gracias a su facilidad de uso, el manguito puede llevarse en la vida diaria, en el trabajo y durante la pr\u00e1ctica deportiva. Disponible en dos tama\u00f1os (seg\u00fan la circunferencia del antebrazo) y por separado para el brazo izquierdo o derecho.<\/p>","protected":false},"featured_media":7570,"comment_status":"open","ping_status":"closed","template":"","meta":[],"product_brand":[80],"product_cat":[15],"product_tag":[],"class_list":{"0":"post-7210","1":"product","2":"type-product","3":"status-publish","4":"has-post-thumbnail","6":"product_brand-masalo","7":"product_cat-masalo","8":"product_shipping_class-paket","10":"first","11":"instock","12":"taxable","13":"shipping-taxable","14":"purchasable","15":"product-type-variable"},"_links":{"self":[{"href":"https:\/\/www.masalo.shop\/es\/wp-json\/wp\/v2\/product\/7210","targetHints":{"allow":["GET"]}}],"collection":[{"href":"https:\/\/www.masalo.shop\/es\/wp-json\/wp\/v2\/product"}],"about":[{"href":"https:\/\/www.masalo.shop\/es\/wp-json\/wp\/v2\/types\/product"}],"replies":[{"embeddable":true,"href":"https:\/\/www.masalo.shop\/es\/wp-json\/wp\/v2\/comments?post=7210"}],"wp:featuredmedia":[{"embeddable":true,"href":"https:\/\/www.masalo.shop\/es\/wp-json\/wp\/v2\/media\/7570"}],"wp:attachment":[{"href":"https:\/\/www.masalo.shop\/es\/wp-json\/wp\/v2\/media?parent=7210"}],"wp:term":[{"taxonomy":"product_brand","embeddable":true,"href":"https:\/\/www.masalo.shop\/es\/wp-json\/wp\/v2\/product_brand?post=7210"},{"taxonomy":"product_cat","embeddable":true,"href":"https:\/\/www.masalo.shop\/es\/wp-json\/wp\/v2\/product_cat?post=7210"},{"taxonomy":"product_tag","embeddable":true,"href":"https:\/\/www.masalo.shop\/es\/wp-json\/wp\/v2\/product_tag?post=7210"}],"curies":[{"name":"wp","href":"https:\/\/api.w.org\/{rel}","templated":true}]}}