{"id":7982,"date":"2025-08-19T21:26:13","date_gmt":"2025-08-19T19:26:13","guid":{"rendered":"http:\/\/new.masalo.shop\/?page_id=7982"},"modified":"2025-08-26T10:41:11","modified_gmt":"2025-08-26T08:41:11","slug":"placanje-dostave","status":"publish","type":"page","link":"https:\/\/www.masalo.shop\/hr\/versand-zahlung\/","title":{"rendered":"Dostava i pla\u0107anje"},"content":{"rendered":"<div data-elementor-type=\"wp-page\" data-elementor-id=\"7982\" class=\"elementor elementor-7982\" data-elementor-post-type=\"page\">\n\t\t\t\t<div class=\"elementor-element elementor-element-1eed328c e-con-full e-flex e-con e-parent\" data-id=\"1eed328c\" data-element_type=\"container\" data-e-type=\"container\" data-settings=\"{&quot;background_background&quot;:&quot;classic&quot;}\">\n\t\t<div class=\"elementor-element elementor-element-588593fb e-flex e-con-boxed e-con e-child\" data-id=\"588593fb\" data-element_type=\"container\" data-e-type=\"container\">\n\t\t\t\t\t<div class=\"e-con-inner\">\n\t\t\t\t<div class=\"elementor-element elementor-element-9d41dd6 elementor-widget elementor-widget-heading\" data-id=\"9d41dd6\" data-element_type=\"widget\" data-e-type=\"widget\" data-widget_type=\"heading.default\">\n\t\t\t\t<div class=\"elementor-widget-container\">\n\t\t\t\t\t<h2 class=\"elementor-heading-title elementor-size-default\">Pla\u0107anje i dostava<\/h2>\t\t\t\t<\/div>\n\t\t\t\t<\/div>\n\t\t\t\t<div class=\"elementor-element elementor-element-2faceb56 elementor-widget__width-initial elementor-widget-mobile__width-inherit elementor-widget elementor-widget-text-editor\" data-id=\"2faceb56\" data-element_type=\"widget\" data-e-type=\"widget\" data-widget_type=\"text-editor.default\">\n\t\t\t\t<div class=\"elementor-widget-container\">\n\t\t\t\t\t\t\t\t\t<p data-pm-slice=\"1 1 []\">Na ovoj stranici na\u0107i \u0107ete sve informacije o <strong>Na\u010dini pla\u0107anja<\/strong>, <strong>Tro\u0161kovi dostave<\/strong>, <strong>Vrijeme isporuke<\/strong> i <strong>Uvjeti isporuke<\/strong>.<\/p>\t\t\t\t\t\t\t\t<\/div>\n\t\t\t\t<\/div>\n\t\t\t\t\t<\/div>\n\t\t\t\t<\/div>\n\t\t\t\t<\/div>\n\t\t<div class=\"elementor-element elementor-element-6e83e54 e-flex e-con-boxed e-con e-parent\" data-id=\"6e83e54\" data-element_type=\"container\" data-e-type=\"container\">\n\t\t\t\t\t<div class=\"e-con-inner\">\n\t\t\t\t<div class=\"elementor-element elementor-element-64196b6 elementor-widget elementor-widget-heading\" data-id=\"64196b6\" data-element_type=\"widget\" data-e-type=\"widget\" data-widget_type=\"heading.default\">\n\t\t\t\t<div class=\"elementor-widget-container\">\n\t\t\t\t\t<h2 class=\"elementor-heading-title elementor-size-default\">Na\u010dini pla\u0107anja<\/h2>\t\t\t\t<\/div>\n\t\t\t\t<\/div>\n\t\t\t\t<div class=\"elementor-element elementor-element-3282c5c elementor-widget elementor-widget-text-editor\" data-id=\"3282c5c\" data-element_type=\"widget\" data-e-type=\"widget\" data-widget_type=\"text-editor.default\">\n\t\t\t\t<div class=\"elementor-widget-container\">\n\t\t\t\t\t\t\t\t\t<p data-pm-slice=\"1 3 []\">Nudimo sljede\u0107e sigurne opcije pla\u0107anja:<\/p><ol start=\"1\" data-spread=\"true\"><li><p><strong>PayPal<\/strong><br \/>Brzo i sigurno \u2013 pla\u0107ajte s va\u0161im PayPal stanjem ili bankovnim ra\u010dunom\/kreditnom karticom koju imate u evidenciji.<\/p><\/li><li><p><strong>Kreditna kartica (Visa, Mastercard, American Express \u2013 putem PayPala)<\/strong><br \/>Pla\u0107anje kreditnom karticom je prakti\u010dno i sigurno putem PayPala \u2013 tako\u0111er <strong>bez vlastitog PayPal ra\u010duna<\/strong> mogu\u0107e.<\/p><\/li><li><p><strong>SEPA izravno tere\u0107enje (putem PayPala)<\/strong><br \/>Prakti\u010dno pla\u0107anje izravnim tere\u0107enjem putem PayPala \u2013 tako\u0111er <strong>bez<\/strong> mogu\u0107 je vlastiti PayPal ra\u010dun (ovisno o PayPal opciji).<\/p><\/li><li><p><strong>Apple Pay \/ Google Pay<\/strong><br \/>Pla\u0107ajte prakti\u010dno i u pokretu karticama pohranjenim na va\u0161em ure\u0111aju (potrebni su podr\u017eani preglednici\/ure\u0111aji).<\/p><\/li><\/ol>\t\t\t\t\t\t\t\t<\/div>\n\t\t\t\t<\/div>\n\t\t\t\t<div class=\"elementor-element elementor-element-3142826 elementor-alert-info elementor-widget elementor-widget-alert\" data-id=\"3142826\" data-element_type=\"widget\" data-e-type=\"widget\" data-widget_type=\"alert.default\">\n\t\t\t\t<div class=\"elementor-widget-container\">\n\t\t\t\t\t\t\t<div class=\"elementor-alert\" role=\"alert\">\n\n\t\t\t\t\t\t<span class=\"elementor-alert-title\">Napomena o povratu novca: <\/span>\n\t\t\t\n\t\t\t\t\t\t<span class=\"elementor-alert-description\">Povrat novca \u0107e se uvijek izvr\u0161iti kori\u0161tenjem originalne metode pla\u0107anja.<\/span>\n\t\t\t\n\t\t\t\t\t\t<button type=\"button\" class=\"elementor-alert-dismiss\" aria-label=\"Odbacite ovo upozorenje.\">\n\t\t\t\t\t\t\t\t\t<span aria-hidden=\"true\">\u00d7<\/span>\n\t\t\t\t\t\t\t<\/button>\n\t\t\t\n\t\t<\/div>\n\t\t\t\t\t\t<\/div>\n\t\t\t\t<\/div>\n\t\t\t\t\t<\/div>\n\t\t\t\t<\/div>\n\t\t<div class=\"elementor-element elementor-element-5e34c53 e-flex e-con-boxed e-con e-parent\" data-id=\"5e34c53\" data-element_type=\"container\" data-e-type=\"container\">\n\t\t\t\t\t<div class=\"e-con-inner\">\n\t\t\t\t<div class=\"elementor-element elementor-element-b2409bd elementor-widget elementor-widget-heading\" data-id=\"b2409bd\" data-element_type=\"widget\" data-e-type=\"widget\" data-widget_type=\"heading.default\">\n\t\t\t\t<div class=\"elementor-widget-container\">\n\t\t\t\t\t<h2 class=\"elementor-heading-title elementor-size-default\">Tro\u0161kovi i vrste dostave<\/h2>\t\t\t\t<\/div>\n\t\t\t\t<\/div>\n\t\t\t\t<div class=\"elementor-element elementor-element-72a9236 elementor-widget elementor-widget-text-editor\" data-id=\"72a9236\" data-element_type=\"widget\" data-e-type=\"widget\" data-widget_type=\"text-editor.default\">\n\t\t\t\t<div class=\"elementor-widget-container\">\n\t\t\t\t\t\t\t\t\t<p data-pm-slice=\"1 3 []\">Va\u0161u narud\u017ebu pouzdano \u0161aljemo s na\u0161im dostavnim partnerima <strong>DHL<\/strong> i <strong>DPD<\/strong>.<\/p><h3>Njema\u010dka (DE)<\/h3><ul data-spread=\"false\"><li><p><strong>Tro\u0161kovi dostave:<\/strong> <strong>Besplatno<\/strong><\/p><\/li><li><p><strong>Vrijeme isporuke:<\/strong> <strong>1\u20133 radna dana<\/strong><\/p><\/li><li><p><strong>Posebne zna\u010dajke:<\/strong> Mogu\u0107a dostava u DHL Packstation (za DHL dostavu).<\/p><\/li><\/ul><h3>EU (odabir)<\/h3><ul data-spread=\"false\"><li><p><strong>Austrija, Nizozemska, Belgija, Luksemburg:<\/strong> <strong>Besplatno<\/strong>, <strong>2\u20134 radna dana<\/strong><\/p><\/li><li><p><strong>Francuska, Italija, \u0160panjolska:<\/strong> <strong>Besplatno<\/strong>, <strong>3\u20136 radnih dana<\/strong><\/p><\/li><li><p><strong>Skandinavija (DK\/SE\/FI):<\/strong> <strong>Besplatno<\/strong>, <strong>3\u20136 radnih dana<\/strong><\/p><\/li><\/ul><h3>\u0160vicarska i zemlje izvan EU (npr. UK, Norve\u0161ka)<\/h3><ul data-spread=\"false\"><li><p><strong>Tro\u0161kovi dostave:<\/strong> <strong>Besplatno<\/strong><\/p><\/li><li><p><strong>Vrijeme isporuke:<\/strong> <strong>3\u20137 radnih dana<\/strong><\/p><\/li><li><p><strong>Va\u017eno:<\/strong> Po\u0161iljka <strong>neto (bez njema\u010dkog PDV-a)<\/strong>. <strong>Carine, porezi i pristojbe<\/strong> mogu nastati prilikom isporuke i snosi ih primatelj.<\/p><\/li><\/ul><h3>\u0160irom svijeta<\/h3><ul data-spread=\"false\"><li><p><strong>Tro\u0161kovi dostave:<\/strong> <strong>Besplatno<\/strong><\/p><\/li><li><p><strong>Vrijeme isporuke:<\/strong> <strong>5\u201314 radnih dana<\/strong> ovisno o ciljanoj regiji<\/p><\/li><\/ul>\t\t\t\t\t\t\t\t<\/div>\n\t\t\t\t<\/div>\n\t\t\t\t\t<\/div>\n\t\t\t\t<\/div>\n\t\t<div class=\"elementor-element elementor-element-36ff05e e-flex e-con-boxed e-con e-parent\" data-id=\"36ff05e\" data-element_type=\"container\" data-e-type=\"container\">\n\t\t\t\t\t<div class=\"e-con-inner\">\n\t\t\t\t<div class=\"elementor-element elementor-element-b2c05a1 elementor-widget elementor-widget-heading\" data-id=\"b2c05a1\" data-element_type=\"widget\" data-e-type=\"widget\" data-widget_type=\"heading.default\">\n\t\t\t\t<div class=\"elementor-widget-container\">\n\t\t\t\t\t<h2 class=\"elementor-heading-title elementor-size-default\">Vrijeme isporuke i obrada narud\u017ebe<\/h2>\t\t\t\t<\/div>\n\t\t\t\t<\/div>\n\t\t\t\t<div class=\"elementor-element elementor-element-52b73d7 elementor-widget elementor-widget-text-editor\" data-id=\"52b73d7\" data-element_type=\"widget\" data-e-type=\"widget\" data-widget_type=\"text-editor.default\">\n\t\t\t\t<div class=\"elementor-widget-container\">\n\t\t\t\t\t\t\t\t\t<ul data-spread=\"false\" data-pm-slice=\"3 3 []\"><li><strong>Vrijeme obrade:<\/strong> Naredbe koje <strong>radnim danom do 12:00 sati<\/strong> obi\u010dno su <strong>istog dana<\/strong>poslano.<\/li><li><strong>Vrijeme isporuke:<\/strong> Navedeni rokovi isporuke primjenjuju se od datuma otpreme.<\/li><li><strong>Djelomi\u010dne isporuke:<\/strong> Ukoliko pojedini artikli nisu odmah dostupni, zadr\u017eavamo pravo <strong>besplatne djelomi\u010dne dostave\u00a0<\/strong>prije.<\/li><li><strong>Vrhunci:<\/strong> Do ka\u0161njenja mo\u017ee do\u0107i tijekom sezonskih vr\u0161nih razdoblja ili u slu\u010daju iznimnih doga\u0111aja.<\/li><\/ul>\t\t\t\t\t\t\t\t<\/div>\n\t\t\t\t<\/div>\n\t\t\t\t\t<\/div>\n\t\t\t\t<\/div>\n\t\t<div class=\"elementor-element elementor-element-23e7fd7 e-flex e-con-boxed e-con e-parent\" data-id=\"23e7fd7\" data-element_type=\"container\" data-e-type=\"container\">\n\t\t\t\t\t<div class=\"e-con-inner\">\n\t\t\t\t<div class=\"elementor-element elementor-element-01b2384 elementor-widget elementor-widget-heading\" data-id=\"01b2384\" data-element_type=\"widget\" data-e-type=\"widget\" data-widget_type=\"heading.default\">\n\t\t\t\t<div class=\"elementor-widget-container\">\n\t\t\t\t\t<h2 class=\"elementor-heading-title elementor-size-default\">Pra\u0107enje po\u0161iljke<\/h2>\t\t\t\t<\/div>\n\t\t\t\t<\/div>\n\t\t\t\t<div class=\"elementor-element elementor-element-9687d2a elementor-widget elementor-widget-text-editor\" data-id=\"9687d2a\" data-element_type=\"widget\" data-e-type=\"widget\" data-widget_type=\"text-editor.default\">\n\t\t\t\t<div class=\"elementor-widget-container\">\n\t\t\t\t\t\t\t\t\t<p>\u010cim va\u0161a narud\u017eba bude poslana, primit \u0107ete potvrdu o slanju s poveznicom za pra\u0107enje koju mo\u017eete koristiti za provjeru trenutnog statusa va\u0161e po\u0161iljke.<\/p>\t\t\t\t\t\t\t\t<\/div>\n\t\t\t\t<\/div>\n\t\t\t\t\t<\/div>\n\t\t\t\t<\/div>\n\t\t<div class=\"elementor-element elementor-element-f7e971e e-flex e-con-boxed e-con e-parent\" data-id=\"f7e971e\" data-element_type=\"container\" data-e-type=\"container\">\n\t\t\t\t\t<div class=\"e-con-inner\">\n\t\t\t\t<div class=\"elementor-element elementor-element-831340a elementor-widget elementor-widget-heading\" data-id=\"831340a\" data-element_type=\"widget\" data-e-type=\"widget\" data-widget_type=\"heading.default\">\n\t\t\t\t<div class=\"elementor-widget-container\">\n\t\t\t\t\t<h2 class=\"elementor-heading-title elementor-size-default\">Ambala\u017ea i odr\u017eivost<\/h2>\t\t\t\t<\/div>\n\t\t\t\t<\/div>\n\t\t\t\t<div class=\"elementor-element elementor-element-fbe4ee6 elementor-widget elementor-widget-text-editor\" data-id=\"fbe4ee6\" data-element_type=\"widget\" data-e-type=\"widget\" data-widget_type=\"text-editor.default\">\n\t\t\t\t<div class=\"elementor-widget-container\">\n\t\t\t\t\t\t\t\t\t<p>Kad god je to mogu\u0107e, koristimo ekolo\u0161ki prihvatljive materijale za pakiranje. Materijali za punjenje i kutije mogu biti izra\u0111eni od recikliranih ili ponovno upotrijebljenih materijala.<\/p>\t\t\t\t\t\t\t\t<\/div>\n\t\t\t\t<\/div>\n\t\t\t\t\t<\/div>\n\t\t\t\t<\/div>\n\t\t<div class=\"elementor-element elementor-element-a8fa488 e-flex e-con-boxed e-con e-parent\" data-id=\"a8fa488\" data-element_type=\"container\" data-e-type=\"container\">\n\t\t\t\t\t<div class=\"e-con-inner\">\n\t\t\t\t<div class=\"elementor-element elementor-element-2276c3f elementor-widget elementor-widget-heading\" data-id=\"2276c3f\" data-element_type=\"widget\" data-e-type=\"widget\" data-widget_type=\"heading.default\">\n\t\t\t\t<div class=\"elementor-widget-container\">\n\t\t\t\t\t<h2 class=\"elementor-heading-title elementor-size-default\">Ograni\u010denja dostave<\/h2>\t\t\t\t<\/div>\n\t\t\t\t<\/div>\n\t\t\t\t<div class=\"elementor-element elementor-element-ea1af60 elementor-widget elementor-widget-text-editor\" data-id=\"ea1af60\" data-element_type=\"widget\" data-e-type=\"widget\" data-widget_type=\"text-editor.default\">\n\t\t\t\t<div class=\"elementor-widget-container\">\n\t\t\t\t\t\t\t\t\t<ul data-spread=\"false\" data-pm-slice=\"3 3 []\"><li><p><strong>Po\u0161tanski sandu\u010di\u0107i:<\/strong> Dostava na po\u0161tanske sandu\u010di\u0107e mogu\u0107a je samo u ograni\u010denoj mjeri.<\/p><\/li><li><p><strong>Opasna roba\/preveliki predmeti:<\/strong> Za posebne artikle, <strong>razli\u010diti tro\u0161kovi dostave<\/strong> i <strong>Uvjeti isporuke<\/strong>primijenite (napomena u opisu proizvoda).<\/p><\/li><\/ul>\t\t\t\t\t\t\t\t<\/div>\n\t\t\t\t<\/div>\n\t\t\t\t\t<\/div>\n\t\t\t\t<\/div>\n\t\t<div class=\"elementor-element elementor-element-dbdd7d6 e-flex e-con-boxed e-con e-parent\" data-id=\"dbdd7d6\" data-element_type=\"container\" data-e-type=\"container\">\n\t\t\t\t\t<div class=\"e-con-inner\">\n\t\t\t\t<div class=\"elementor-element elementor-element-5556ddb elementor-widget elementor-widget-heading\" data-id=\"5556ddb\" data-element_type=\"widget\" data-e-type=\"widget\" data-widget_type=\"heading.default\">\n\t\t\t\t<div class=\"elementor-widget-container\">\n\t\t\t\t\t<h2 class=\"elementor-heading-title elementor-size-default\">O\u0161te\u0107enja prilikom transporta<\/h2>\t\t\t\t<\/div>\n\t\t\t\t<\/div>\n\t\t\t\t<div class=\"elementor-element elementor-element-3760731 elementor-widget elementor-widget-text-editor\" data-id=\"3760731\" data-element_type=\"widget\" data-e-type=\"widget\" data-widget_type=\"text-editor.default\">\n\t\t\t\t<div class=\"elementor-widget-container\">\n\t\t\t\t\t\t\t\t\t<p data-pm-slice=\"1 1 []\">Molimo Vas da odmah provjerite dostavu. Ako je po\u0161iljka o\u0161te\u0107ena izvana, molimo <strong>Pismeno potvrditi od strane dostavlja\u010da<\/strong> i kontaktirajte na\u0161u podr\u0161ku <strong>u roku od 3 radna dana<\/strong>Nju <strong>zakonska jamstvena prava<\/strong> ostati netaknuti ovim.<\/p><div><hr \/><\/div>\t\t\t\t\t\t\t\t<\/div>\n\t\t\t\t<\/div>\n\t\t\t\t\t<\/div>\n\t\t\t\t<\/div>\n\t\t<div class=\"elementor-element elementor-element-422f7f6 e-flex e-con-boxed e-con e-parent\" data-id=\"422f7f6\" data-element_type=\"container\" data-e-type=\"container\">\n\t\t\t\t\t<div class=\"e-con-inner\">\n\t\t\t\t<div class=\"elementor-element elementor-element-8cfe2a0 elementor-widget elementor-widget-heading\" data-id=\"8cfe2a0\" data-element_type=\"widget\" data-e-type=\"widget\" data-widget_type=\"heading.default\">\n\t\t\t\t<div class=\"elementor-widget-container\">\n\t\t\t\t\t<h2 class=\"elementor-heading-title elementor-size-default\">Porezi, carine i pristojbe (me\u0111unarodni)<\/h2>\t\t\t\t<\/div>\n\t\t\t\t<\/div>\n\t\t\t\t<div class=\"elementor-element elementor-element-797b1a0 elementor-widget elementor-widget-text-editor\" data-id=\"797b1a0\" data-element_type=\"widget\" data-e-type=\"widget\" data-widget_type=\"text-editor.default\">\n\t\t\t\t<div class=\"elementor-widget-container\">\n\t\t\t\t\t\t\t\t\t<p data-pm-slice=\"1 1 []\">Za isporuke izvan EU, <strong>Uvozne carine<\/strong> (carine, porezi, pristojbe). Njih napla\u0107uju odgovaraju\u0107i <strong>carinarnica<\/strong> napla\u0107uju se i snosi ih primatelj. Za dodatne informacije obratite se lokalnoj carinskoj upravi.<\/p>\t\t\t\t\t\t\t\t<\/div>\n\t\t\t\t<\/div>\n\t\t\t\t\t<\/div>\n\t\t\t\t<\/div>\n\t\t<div class=\"elementor-element elementor-element-95d9e00 e-flex e-con-boxed e-con e-parent\" data-id=\"95d9e00\" data-element_type=\"container\" data-e-type=\"container\">\n\t\t\t\t\t<div class=\"e-con-inner\">\n\t\t\t\t<div class=\"elementor-element elementor-element-705acf3 elementor-widget elementor-widget-heading\" data-id=\"705acf3\" data-element_type=\"widget\" data-e-type=\"widget\" data-widget_type=\"heading.default\">\n\t\t\t\t<div class=\"elementor-widget-container\">\n\t\t\t\t\t<h2 class=\"elementor-heading-title elementor-size-default\">Fakturiranje i PDV<\/h2>\t\t\t\t<\/div>\n\t\t\t\t<\/div>\n\t\t\t\t<div class=\"elementor-element elementor-element-d7055f4 elementor-widget elementor-widget-text-editor\" data-id=\"d7055f4\" data-element_type=\"widget\" data-e-type=\"widget\" data-widget_type=\"text-editor.default\">\n\t\t\t\t<div class=\"elementor-widget-container\">\n\t\t\t\t\t\t\t\t\t<ul data-spread=\"false\" data-pm-slice=\"3 3 []\"><li><p><strong>Njema\u010dka\/EU:<\/strong> Cijene uklju\u010duju\u0107i zakonske <strong>PDV<\/strong> (osim ako nije druga\u010dije navedeno).<\/p><\/li><li><p><strong>Izvan EU:<\/strong> Neto fakturiranje; uvozne carine snosi primatelj.<\/p><\/li><li><p>Na zahtjev, mo\u017eemo vam dostaviti ra\u010dun elektroni\u010dkim putem.<\/p><\/li><\/ul>\t\t\t\t\t\t\t\t<\/div>\n\t\t\t\t<\/div>\n\t\t\t\t\t<\/div>\n\t\t\t\t<\/div>\n\t\t<div class=\"elementor-element elementor-element-888bf12 e-flex e-con-boxed e-con e-parent\" data-id=\"888bf12\" data-element_type=\"container\" data-e-type=\"container\">\n\t\t\t\t\t<div class=\"e-con-inner\">\n\t\t\t\t<div class=\"elementor-element elementor-element-18983d1 elementor-widget elementor-widget-heading\" data-id=\"18983d1\" data-element_type=\"widget\" data-e-type=\"widget\" data-widget_type=\"heading.default\">\n\t\t\t\t<div class=\"elementor-widget-container\">\n\t\t\t\t\t<h2 class=\"elementor-heading-title elementor-size-default\">Povrat i otkazivanje<\/h2>\t\t\t\t<\/div>\n\t\t\t\t<\/div>\n\t\t\t\t<div class=\"elementor-element elementor-element-17a26c1 elementor-widget elementor-widget-text-editor\" data-id=\"17a26c1\" data-element_type=\"widget\" data-e-type=\"widget\" data-widget_type=\"text-editor.default\">\n\t\t\t\t<div class=\"elementor-widget-container\">\n\t\t\t\t\t\t\t\t\t<p data-pm-slice=\"1 1 []\">Informacije o povratu mo\u017eete prona\u0107i na: <b>\u00a0<a href=\"https:\/\/www.masalo.shop\/hr\/pravila-otkazivanja\/\">Pravila otkazivanja<\/a><\/b><\/p><p data-pm-slice=\"1 1 []\"><b><br \/><\/b>Molimo prilo\u017eite <strong>Broj ra\u010duna<\/strong> i <strong>Razlog povrata<\/strong> kako bismo mogli brzo obraditi va\u0161 povrat novca.<\/p>\t\t\t\t\t\t\t\t<\/div>\n\t\t\t\t<\/div>\n\t\t\t\t\t<\/div>\n\t\t\t\t<\/div>\n\t\t<div class=\"elementor-element elementor-element-ce85e32 e-flex e-con-boxed e-con e-parent\" data-id=\"ce85e32\" data-element_type=\"container\" data-e-type=\"container\">\n\t\t\t\t\t<div class=\"e-con-inner\">\n\t\t\t\t<div class=\"elementor-element elementor-element-2382f7f elementor-widget elementor-widget-heading\" data-id=\"2382f7f\" data-element_type=\"widget\" data-e-type=\"widget\" data-widget_type=\"heading.default\">\n\t\t\t\t<div class=\"elementor-widget-container\">\n\t\t\t\t\t<h2 class=\"elementor-heading-title elementor-size-default\">Slu\u017eba za korisnike<\/h2>\t\t\t\t<\/div>\n\t\t\t\t<\/div>\n\t\t\t\t<div class=\"elementor-element elementor-element-c4db3ed elementor-widget elementor-widget-text-editor\" data-id=\"c4db3ed\" data-element_type=\"widget\" data-e-type=\"widget\" data-widget_type=\"text-editor.default\">\n\t\t\t\t<div class=\"elementor-widget-container\">\n\t\t\t\t\t\t\t\t\t<p data-pm-slice=\"1 3 []\">Imate li pitanja o pla\u0107anju ili dostavi? Molimo kontaktirajte nas:<\/p><ul><li style=\"list-style-type: none;\"><ul data-spread=\"false\"><li><p><strong>E-po\u0161ta:<\/strong> <a href=\"mailto:support@masalo.shop\">support@masalo.shop<\/a><\/p><\/li><li><p><strong>Telefon:<\/strong> +49 2641 8970500 (pon\u2013pet, <strong>9:00\u201317:00<\/strong>)<\/p><\/li><li><p><strong>Adresa:<\/strong> Bergstra\u00dfe 1B. 53474 Bad Neuenahr<\/p><\/li><\/ul><\/li><\/ul>\t\t\t\t\t\t\t\t<\/div>\n\t\t\t\t<\/div>\n\t\t\t\t\t<\/div>\n\t\t\t\t<\/div>\n\t\t<div class=\"elementor-element elementor-element-b3d6175 e-flex e-con-boxed e-con e-parent\" data-id=\"b3d6175\" data-element_type=\"container\" data-e-type=\"container\">\n\t\t\t\t\t<div class=\"e-con-inner\">\n\t\t\t\t<div class=\"elementor-element elementor-element-854e0cf elementor-widget elementor-widget-heading\" data-id=\"854e0cf\" data-element_type=\"widget\" data-e-type=\"widget\" data-widget_type=\"heading.default\">\n\t\t\t\t<div class=\"elementor-widget-container\">\n\t\t\t\t\t<h2 class=\"elementor-heading-title elementor-size-default\">Pravna obavijest<\/h2>\t\t\t\t<\/div>\n\t\t\t\t<\/div>\n\t\t\t\t<div class=\"elementor-element elementor-element-845da7e elementor-widget elementor-widget-text-editor\" data-id=\"845da7e\" data-element_type=\"widget\" data-e-type=\"widget\" data-widget_type=\"text-editor.default\">\n\t\t\t\t<div class=\"elementor-widget-container\">\n\t\t\t\t\t\t\t\t\t<p>Na\u0161e <a href=\"https:\/\/www.masalo.shop\/hr\/uvjeti-i-odredbe\/\"><b>Uvjeti i odredbe <\/b><\/a>i <a href=\"https:\/\/www.masalo.shop\/hr\/pravila-o-privatnosti\/\"><strong>Pravila o privatnosti<\/strong><\/a>Ova stranica je dio informacija za korisnike i redovito se a\u017eurira.<\/p>\t\t\t\t\t\t\t\t<\/div>\n\t\t\t\t<\/div>\n\t\t\t\t\t<\/div>\n\t\t\t\t<\/div>\n\t\t\t\t<\/div>","protected":false},"excerpt":{"rendered":"<p>Zahlung &amp; Versand Auf dieser Seite finden Sie alle Informationen zu Zahlungsarten, Versandkosten, Lieferzeiten und Lieferbedingungen. Zahlungsarten Wir bieten Ihnen folgende sichere Zahlungsm\u00f6glichkeiten an: PayPalSchnell und sicher \u2013 zahlen Sie mit Ihrem PayPal-Guthaben oder dem hinterlegten Bankkonto\/Kreditkarte. Kreditkarte (Visa, Mastercard, American Express \u2013 \u00fcber PayPal)Die Zahlung mit Kreditkarte erfolgt bequem und sicher \u00fcber PayPal \u2013 [&hellip;]<\/p>\n","protected":false},"author":1,"featured_media":0,"parent":0,"menu_order":0,"comment_status":"closed","ping_status":"closed","template":"template-canvas.php","meta":{"footnotes":""},"class_list":["post-7982","page","type-page","status-publish","hentry"],"_links":{"self":[{"href":"https:\/\/www.masalo.shop\/hr\/wp-json\/wp\/v2\/pages\/7982","targetHints":{"allow":["GET"]}}],"collection":[{"href":"https:\/\/www.masalo.shop\/hr\/wp-json\/wp\/v2\/pages"}],"about":[{"href":"https:\/\/www.masalo.shop\/hr\/wp-json\/wp\/v2\/types\/page"}],"author":[{"embeddable":true,"href":"https:\/\/www.masalo.shop\/hr\/wp-json\/wp\/v2\/users\/1"}],"replies":[{"embeddable":true,"href":"https:\/\/www.masalo.shop\/hr\/wp-json\/wp\/v2\/comments?post=7982"}],"version-history":[{"count":0,"href":"https:\/\/www.masalo.shop\/hr\/wp-json\/wp\/v2\/pages\/7982\/revisions"}],"wp:attachment":[{"href":"https:\/\/www.masalo.shop\/hr\/wp-json\/wp\/v2\/media?parent=7982"}],"curies":[{"name":"radni list","href":"https:\/\/api.w.org\/{rel}","templated":true}]}}