{"id":7257,"date":"2026-04-21T11:30:06","date_gmt":"2026-04-21T11:30:06","guid":{"rendered":"http:\/\/new.masalo.shop\/widerrufsbelehrung\/"},"modified":"2026-04-21T13:30:06","modified_gmt":"2026-04-21T11:30:06","slug":"atcelsanas-politika","status":"publish","type":"page","link":"https:\/\/www.masalo.shop\/lv\/widerrufsbelehrung\/","title":{"rendered":"Atcel\u0161anas politika"},"content":{"rendered":"<div data-elementor-type=\"wp-page\" data-elementor-id=\"7257\" class=\"elementor elementor-7257\" data-elementor-post-type=\"page\">\n\t\t\t\t<div class=\"elementor-element elementor-element-2fe4c93 e-flex e-con-boxed e-con e-parent\" data-id=\"2fe4c93\" data-element_type=\"container\" data-e-type=\"container\">\n\t\t\t\t\t<div class=\"e-con-inner\">\n\t\t\t\t<div class=\"elementor-element elementor-element-cf7c7b3 elementor-widget elementor-widget-shortcode\" data-id=\"cf7c7b3\" data-element_type=\"widget\" data-e-type=\"widget\" data-widget_type=\"shortcode.default\">\n\t\t\t\t<div class=\"elementor-widget-container\">\n\t\t\t\t\t\t\t<div class=\"elementor-shortcode\"><div  class=\"agb_content agb_revocation  notranslate\"><div><h2>A. Atcel\u0161anas politika<\/h2>\n\n<h3>Ievads<\/h3>\n\n<p>Pat\u0113r\u0113t\u0101jiem ir ties\u012bbas uz atteikuma ties\u012bb\u0101m saska\u0146\u0101 ar turpm\u0101k izkl\u0101st\u012btajiem noteikumiem, saska\u0146\u0101 ar kuriem pat\u0113r\u0113t\u0101js ir jebkura fiziska persona, kas nosl\u0113dz juridisku dar\u012bjumu nol\u016bk\u0101, kuru galvenok\u0101rt nevar attiecin\u0101t ne uz t\u0101s komercdarb\u012bbu, ne neatkar\u012bgu profesion\u0101lo darb\u012bbu:<\/p>\n\n<h3>Atcel\u0161anas ties\u012bbas<\/h3>\n\n<p>Jums ir ties\u012bbas atcelt \u0161o l\u012bgumu \u010detrpadsmit dienu laik\u0101, nenor\u0101dot iemeslu.<\/p>\n\n<p>Atcel\u0161anas termi\u0146\u0161 ir \u010detrpadsmit dienas no dienas, kad j\u016bs vai j\u016bsu nor\u0101d\u012bta tre\u0161\u0101 persona, kas nav p\u0101rvad\u0101t\u0101js, esat p\u0101r\u0146\u0113mis p\u0113d\u0113j\u0101s preces.<\/p>\n\n<p>Lai izmantotu ties\u012bbas atteikties no l\u012bguma, jums ir j\u0101inform\u0113 m\u016bs (TP-Ortho GmbH, Bergstra\u00dfe 1B, 53474 Bad Neuenahr, Deutschland, t\u0101lr.: 02641 8970500, e-pasts: info@tp-ortho.de) par savu l\u0113mumu atteikties no \u0161\u012b l\u012bguma ar skaidru pazi\u0146ojumu (piem\u0113ram, pa pastu vai e-pastu). J\u016bs varat izmantot pievienoto atteikuma veidlapas paraugu, ta\u010du tas nav oblig\u0101ti.<\/p>\n\n<p>Lai iev\u0113rotu atcel\u0161anas termi\u0146u, ir pietiekami, ja pazi\u0146ojumu par savu ties\u012bbu izmanto\u0161anu nos\u016bt\u0101t pirms atcel\u0161anas termi\u0146a beig\u0101m.<\/p>\n\n<h3>Anul\u0113\u0161anas sekas<\/h3>\n\n<p>Ja j\u016bs atk\u0101pjaties no \u0161\u012b l\u012bguma, m\u0113s jums atmaks\u0101jam visus no jums sa\u0146emtos maks\u0101jumus, tostarp pieg\u0101des izmaksas (iz\u0146emot papildu izmaksas, kas radu\u0161\u0101s, jums izv\u0113loties pieg\u0101des veidu, kas nav m\u016bsu pied\u0101v\u0101tais l\u0113t\u0101kais standarta pieg\u0101des veids), bez nepamatotas kav\u0113\u0161an\u0101s un jebkur\u0101 gad\u012bjum\u0101 ne v\u0113l\u0101k k\u0101 14 dienu laik\u0101 no dienas, kad m\u0113s esam inform\u0113ti par j\u016bsu l\u0113mumu atteikties no \u0161\u012b l\u012bguma. \u0160ai atmaksai m\u0113s izmantosim tos pa\u0161us maks\u0101\u0161anas l\u012bdzek\u013cus, kurus j\u016bs izmantoj\u0101t s\u0101kotn\u0113j\u0101 dar\u012bjum\u0101, ja vien ar jums nav skaidri vienoju\u0161ies cit\u0101di; nek\u0101d\u0101 gad\u012bjum\u0101 par \u0161o atmaksu no jums netiks iekas\u0113ta nek\u0101da maksa. M\u0113s varam aiztur\u0113t atmaksu l\u012bdz br\u012bdim, kad esam sa\u0146\u0113mu\u0161i preces atpaka\u013c vai l\u012bdz br\u012bdim, kad esat iesniedzis pier\u0101d\u012bjumus, ka esat preces atgriezis, atkar\u012bb\u0101 no t\u0101, kas notiek \u0101tr\u0101k.<\/p>\n\n<p>Jums nekav\u0113joties un jebkur\u0101 gad\u012bjum\u0101 ne v\u0113l\u0101k k\u0101 \u010detrpadsmit dienu laik\u0101 no dienas, kad j\u016bs m\u016bs inform\u0113jat par \u0161\u0101 l\u012bguma atcel\u0161anu, preces ir j\u0101nos\u016bta atpaka\u013c vai j\u0101nodod mums vai uz\u0146\u0113mumam TP-Ortho GmbH, Walporzheimerstra\u00dfe 30, 53474 Bad Neuenahr-Ahrweiler, V\u0101cija. Termi\u0146\u0161 ir iev\u0113rots, ja j\u016bs nos\u016bt\u0101t preces pirms \u010detrpadsmit dienu termi\u0146a beig\u0101m.<\/p>\n\n<p>J\u016bs sedzat tie\u0161\u0101s izmaksas, kas saist\u012btas ar pre\u010du atgrie\u0161anu.<\/p>\n\n<p>Jums ir j\u0101maks\u0101 tikai par jebk\u0101du pre\u010du v\u0113rt\u012bbas samazin\u0101\u0161anos, ja \u0161\u012b v\u0113rt\u012bbas samazin\u0101\u0161an\u0101s ir saist\u012bta ar darb\u012bb\u0101m ar prec\u0113m, kas nav nepiecie\u0161amas, lai p\u0101rbaud\u012btu to st\u0101vokli, \u012bpa\u0161\u012bbas un funkcionalit\u0101ti.<\/p>\n\n<h3>Atteikuma ties\u012bbu izsl\u0113g\u0161ana vai priek\u0161laic\u012bga izbeig\u0161an\u0101s<\/h3>\n\n<p>Atteikuma ties\u012bbas priek\u0161laic\u012bgi beidzas attiec\u012bb\u0101 uz l\u012bgumiem par t\u0101du aizz\u012bmogotu pre\u010du pieg\u0101di, kuras nav piem\u0113rotas atgrie\u0161anai vesel\u012bbas aizsardz\u012bbas vai higi\u0113nas apsv\u0113rumu d\u0113\u013c, ja p\u0113c pieg\u0101des ir no\u0146emta plomba.<\/p>\n\n<p>Atteikuma ties\u012bbas neattiecas uz pat\u0113r\u0113t\u0101jiem, kuri l\u012bguma nosl\u0113g\u0161anas br\u012bd\u012b nav Eiropas Savien\u012bbas dal\u012bbvalsts un kuru vien\u012bg\u0101 dz\u012bvesvieta un pieg\u0101des adrese l\u012bguma nosl\u0113g\u0161anas br\u012bd\u012b ir \u0101rpus Eiropas Savien\u012bbas.<\/p>\n\n<h3>Visp\u0101r\u012bga inform\u0101cija<\/h3>\n\n<p>1) L\u016bdzu, izvairieties no pre\u010du boj\u0101\u0161anas vai pies\u0101r\u0146o\u0161anas. L\u016bdzu, atdodiet mums preces to ori\u0123in\u0101laj\u0101 iepakojum\u0101 ar visiem piederumiem un iepakojuma sast\u0101vda\u013c\u0101m. Ja nepiecie\u0161ams, izmantojiet aizsarg\u0101jo\u0161u \u0101r\u0113jo iepakojumu. Ja jums vairs nav ori\u0123in\u0101l\u0101 iepakojuma, l\u016bdzu, izmantojiet piem\u0113rotu iepakojumu, lai nodro\u0161in\u0101tu atbilsto\u0161u aizsardz\u012bbu pret transport\u0113\u0161anas boj\u0101jumiem.<br \/>\n2) L\u016bdzu, nes\u016btiet preces atpaka\u013c mums kravas sav\u0101k\u0161anai.<br \/>\n3) L\u016bdzu, \u0146emiet v\u0113r\u0101, ka iepriek\u0161min\u0113tie 1-2 punkti nav priek\u0161noteikums, lai efekt\u012bvi izmantotu atteikuma ties\u012bbas.<\/p>\n\n<h2>B. Atcel\u0161anas veidlapa<\/h2>\n\n<p>Ja v\u0113laties atcelt l\u012bgumu, l\u016bdzu, aizpildiet un nos\u016btiet \u0161o veidlapu.<\/p>\n\n<p>Uz<\/p>\n\n<p>TP-Ortho GmbH<br \/>\nBergstra\u00dfe 1B<br \/>\n53474 Bad Neuenahr<br \/>\nV\u0101cija<\/p>\n\n<p>E-pasts: info@tp-ortho.de<\/p>\n\n<p>Hiermit widerrufe(n) ich\/wir (*) den von mir\/uns (*) abgeschlossenen Vertrag \u00fcber den Kauf der folgenden Waren (*) \/ die Erbringung der folgenden Dienstleistung (*)<\/p>\n\n<p>_______________________________________________________<\/p>\n\n<p>_______________________________________________________<\/p>\n\n<p>Pas\u016bt\u012bts (*) ____________ \/ sa\u0146emts (*) __________________<\/p>\n\n<p>________________________________________________________<br \/>\nPat\u0113r\u0113t\u0101ja(-u) nosaukums<\/p>\n\n<p>________________________________________________________<br \/>\nPat\u0113r\u0113t\u0101ja(-u) adrese<\/p>\n\n<p>________________________________________________________<br \/>\nPat\u0113r\u0113t\u0101ja(-u) paraksts (tikai pazi\u0146ojumam uz pap\u012bra)<\/p>\n\n<p>_________________________<br \/>\ndatums<\/p>\n\n<p>(*) Nevajadz\u012bgo sv\u012btrot<\/p><\/div><div id=\"itkanzlei_txt_copyright\" style=\"font-size: 12px; margin-top: 8em;\"><div style=\"display: inline-block; vertical-align: top;\"><a href=\"https:\/\/www.it-recht-kanzlei.de\/\" target=\"_blank\" rel=\"noopener\"><img decoding=\"async\" src=\"https:\/\/www.it-recht-kanzlei.de\/logo\/Copyright-Logo_Widerrufsbelehrung.png?i=3e415-24b97-39c9-907f-1\" id=\"itkanzlei_img_copyright\" alt=\"\u00a9 IT-Recht Kanzlei\" title=\"\u00a9 IT-Recht Kanzlei\" style=\"margin-top: -20px; border-style: none; max-width: 100%;\" \/><\/a><\/div><div style=\"display: inline-block; vertical-align: top; margin-left: 5px; float: right; white-space: nowrap;\">Stand: 21.04.2026, 13:30:05<\/div><div style=\"clear: right;\"><\/div><\/div><\/div><\/div>\n\t\t\t\t\t\t<\/div>\n\t\t\t\t<\/div>\n\t\t\t\t\t<\/div>\n\t\t\t\t<\/div>\n\t\t\t\t<\/div>","protected":false},"excerpt":{"rendered":"","protected":false},"author":1,"featured_media":0,"parent":0,"menu_order":0,"comment_status":"closed","ping_status":"closed","template":"template-canvas.php","meta":{"footnotes":""},"class_list":["post-7257","page","type-page","status-publish","hentry"],"_links":{"self":[{"href":"https:\/\/www.masalo.shop\/lv\/wp-json\/wp\/v2\/pages\/7257","targetHints":{"allow":["GET"]}}],"collection":[{"href":"https:\/\/www.masalo.shop\/lv\/wp-json\/wp\/v2\/pages"}],"about":[{"href":"https:\/\/www.masalo.shop\/lv\/wp-json\/wp\/v2\/types\/page"}],"author":[{"embeddable":true,"href":"https:\/\/www.masalo.shop\/lv\/wp-json\/wp\/v2\/users\/1"}],"replies":[{"embeddable":true,"href":"https:\/\/www.masalo.shop\/lv\/wp-json\/wp\/v2\/comments?post=7257"}],"version-history":[{"count":3,"href":"https:\/\/www.masalo.shop\/lv\/wp-json\/wp\/v2\/pages\/7257\/revisions"}],"predecessor-version":[{"id":10663,"href":"https:\/\/www.masalo.shop\/lv\/wp-json\/wp\/v2\/pages\/7257\/revisions\/10663"}],"wp:attachment":[{"href":"https:\/\/www.masalo.shop\/lv\/wp-json\/wp\/v2\/media?parent=7257"}],"curies":[{"name":"wp","href":"https:\/\/api.w.org\/{rel}","templated":true}]}}