{"id":9681,"date":"2025-12-10T12:19:04","date_gmt":"2025-12-10T11:19:04","guid":{"rendered":"https:\/\/www.masalo.shop\/?post_type=product&#038;p=9681"},"modified":"2026-05-07T17:33:15","modified_gmt":"2026-05-07T15:33:15","slug":"push-ortho-daumenorthese-cmc","status":"publish","type":"product","link":"https:\/\/www.masalo.shop\/lv\/push-ortho-daumenorthese-cmc\/","title":{"rendered":"Push Ortho Daumenorthese CMC"},"content":{"rendered":"","protected":false},"excerpt":{"rendered":"<p>Die Push Ortho CMC stabilisiert das Daumensattelgelenk und positioniert den Daumen in einer funktionalen Haltung, ohne die Greiffunktion einzuschr\u00e4nken. Abgerundete R\u00e4nder, komfortables Material und ein leicht zu bedienender Verschluss sorgen f\u00fcr bequemes und einfaches Tragen \u2013 auch im Wasser.<\/p>","protected":false},"featured_media":10022,"comment_status":"open","ping_status":"closed","template":"","meta":[],"product_brand":[106],"product_cat":[91],"product_tag":[102,101,105,97,103,104],"class_list":{"0":"post-9681","1":"product","2":"type-product","3":"status-publish","4":"has-post-thumbnail","6":"product_brand-push-ortho","7":"product_cat-daumen","8":"product_tag-cmc","9":"product_tag-daumen","10":"product_tag-daumenorthese","11":"product_tag-orthese","12":"product_tag-ortho","13":"product_tag-push","15":"first","16":"instock","17":"taxable","18":"shipping-taxable","19":"purchasable","20":"product-type-variable"},"_links":{"self":[{"href":"https:\/\/www.masalo.shop\/lv\/wp-json\/wp\/v2\/product\/9681","targetHints":{"allow":["GET"]}}],"collection":[{"href":"https:\/\/www.masalo.shop\/lv\/wp-json\/wp\/v2\/product"}],"about":[{"href":"https:\/\/www.masalo.shop\/lv\/wp-json\/wp\/v2\/types\/product"}],"replies":[{"embeddable":true,"href":"https:\/\/www.masalo.shop\/lv\/wp-json\/wp\/v2\/comments?post=9681"}],"wp:featuredmedia":[{"embeddable":true,"href":"https:\/\/www.masalo.shop\/lv\/wp-json\/wp\/v2\/media\/10022"}],"wp:attachment":[{"href":"https:\/\/www.masalo.shop\/lv\/wp-json\/wp\/v2\/media?parent=9681"}],"wp:term":[{"taxonomy":"product_brand","embeddable":true,"href":"https:\/\/www.masalo.shop\/lv\/wp-json\/wp\/v2\/product_brand?post=9681"},{"taxonomy":"product_cat","embeddable":true,"href":"https:\/\/www.masalo.shop\/lv\/wp-json\/wp\/v2\/product_cat?post=9681"},{"taxonomy":"product_tag","embeddable":true,"href":"https:\/\/www.masalo.shop\/lv\/wp-json\/wp\/v2\/product_tag?post=9681"}],"curies":[{"name":"wp","href":"https:\/\/api.w.org\/{rel}","templated":true}]}}