{"id":7867,"date":"2025-08-19T20:52:49","date_gmt":"2025-08-19T18:52:49","guid":{"rendered":"http:\/\/new.masalo.shop\/?page_id=7867"},"modified":"2025-08-23T17:14:54","modified_gmt":"2025-08-23T15:14:54","slug":"funkcja-mankietu-masalo","status":"publish","type":"page","link":"https:\/\/www.masalo.shop\/pl\/das-wirkprinzip\/funktion-der-masalo-manschette\/","title":{"rendered":"Funkcja mankietu Masalo\u00ae"},"content":{"rendered":"<div data-elementor-type=\"wp-page\" data-elementor-id=\"7867\" class=\"elementor elementor-7867\" data-elementor-post-type=\"page\">\n\t\t\t\t<div class=\"elementor-element elementor-element-60650eac e-con-full e-flex e-con e-parent\" data-id=\"60650eac\" data-element_type=\"container\" data-e-type=\"container\" data-settings=\"{&quot;background_background&quot;:&quot;classic&quot;}\">\n\t\t<div class=\"elementor-element elementor-element-50a7f9de e-flex e-con-boxed e-con e-child\" data-id=\"50a7f9de\" data-element_type=\"container\" data-e-type=\"container\">\n\t\t\t\t\t<div class=\"e-con-inner\">\n\t\t\t\t<div class=\"elementor-element elementor-element-6286b9bf elementor-widget elementor-widget-heading\" data-id=\"6286b9bf\" data-element_type=\"widget\" data-e-type=\"widget\" data-widget_type=\"heading.default\">\n\t\t\t\t<div class=\"elementor-widget-container\">\n\t\t\t\t\t<h2 class=\"elementor-heading-title elementor-size-default\">Funkcja mankietu Masalo\u00ae<\/h2>\t\t\t\t<\/div>\n\t\t\t\t<\/div>\n\t\t\t\t<div class=\"elementor-element elementor-element-4932e812 elementor-widget__width-initial elementor-widget elementor-widget-text-editor\" data-id=\"4932e812\" data-element_type=\"widget\" data-e-type=\"widget\" data-widget_type=\"text-editor.default\">\n\t\t\t\t<div class=\"elementor-widget-container\">\n\t\t\t\t\t\t\t\t\t<p>Masalo<sup>\u00ae<\/sup> Cuff MED wsp\u00f3\u0142pracuje z <strong>Masalo<sup>\u00ae<\/sup> Zasada kontrataku<\/strong>kt\u00f3ry wci\u0105\u017c jest <strong>wyj\u0105tkowy<\/strong> w dziedzinie pomocy w zapaleniu nadk\u0142ykcia.<\/p>\t\t\t\t\t\t\t\t<\/div>\n\t\t\t\t<\/div>\n\t\t\t\t<div class=\"elementor-element elementor-element-24d421b elementor-widget elementor-widget-woocommerce-breadcrumb\" data-id=\"24d421b\" data-element_type=\"widget\" data-e-type=\"widget\" data-widget_type=\"woocommerce-breadcrumb.default\">\n\t\t\t\t<div class=\"elementor-widget-container\">\n\t\t\t\t\t<nav class=\"woocommerce-breadcrumb\" aria-label=\"Breadcrumb\" data-no-translation=\"\" data-trp-gettext=\"\">Strona g\u0142\u00f3wna<\/nav>\t\t\t\t<\/div>\n\t\t\t\t<\/div>\n\t\t\t\t\t<\/div>\n\t\t\t\t<\/div>\n\t\t\t\t<\/div>\n\t\t<div class=\"elementor-element elementor-element-5ab685c e-flex e-con-boxed e-con e-parent\" data-id=\"5ab685c\" data-element_type=\"container\" data-e-type=\"container\">\n\t\t\t\t\t<div class=\"e-con-inner\">\n\t\t<div class=\"elementor-element elementor-element-17cc84e e-con-full e-flex e-con e-child\" data-id=\"17cc84e\" data-element_type=\"container\" data-e-type=\"container\">\n\t\t\t\t<div class=\"elementor-element elementor-element-fd2c6f4 elementor-widget elementor-widget-text-editor\" data-id=\"fd2c6f4\" data-element_type=\"widget\" data-e-type=\"widget\" data-widget_type=\"text-editor.default\">\n\t\t\t\t<div class=\"elementor-widget-container\">\n\t\t\t\t\t\t\t\t\t<div class=\"et_pb_column et_pb_column_1_2 et_pb_column_11 et_pb_css_mix_blend_mode_passthrough\"><div class=\"et_pb_module et_pb_text et_pb_text_9 et_pb_text_align_left et_pb_bg_layout_light\"><div class=\"et_pb_text_inner\"><p>Prawid\u0142owo za\u0142o\u017cony mankiet zapewnia natychmiastow\u0105 ulg\u0119 uszkodzonym wstawkom \u015bci\u0119gien, a rami\u0119 mo\u017ce by\u0107 ponownie u\u017cywane.<\/p><p>O <strong>80 000 klient\u00f3w<\/strong> z nasz\u0105 pomoc\u0105 uda\u0142o si\u0119 ju\u017c przezwyci\u0119\u017cy\u0107 kontuzj\u0119.<\/p><\/div><p>The <strong>Wygodny mankiet pod pach\u0105<\/strong> Masalo<sup>\u00ae<\/sup> Mankiet MED jest umieszczony na \u015brodku przedramienia i zabezpieczony wysokiej jako\u015bci i bardzo wytrzyma\u0142ym zapi\u0119ciem na rzep.<\/p><p>The <strong>G\u00f3rny pasek na rami\u0119<\/strong> Nast\u0119pnie jest r\u00f3wnie\u017c zapinany na rzep i regulowany w zale\u017cno\u015bci od aktywno\u015bci, obci\u0105\u017cenia i stopnia urazu \/ choroby.<\/p><\/div><\/div><div class=\"et_pb_column et_pb_column_1_2 et_pb_column_12 et_pb_css_mix_blend_mode_passthrough et-last-child\"><div class=\"et_pb_module dipi_image_hotspot dipi_image_hotspot_0\"><div class=\"et_pb_module_inner\"><div class=\"dipi-image-hotspot dipi-trigger_on_click-off\" data-order-number=\"0\">\u00a0<\/div><\/div><\/div><\/div>\t\t\t\t\t\t\t\t<\/div>\n\t\t\t\t<\/div>\n\t\t\t\t<\/div>\n\t\t<div class=\"elementor-element elementor-element-e06a74d e-con-full e-flex e-con e-child\" data-id=\"e06a74d\" data-element_type=\"container\" data-e-type=\"container\">\n\t\t\t\t<div class=\"elementor-element elementor-element-75f5d2a elementor-widget elementor-widget-image\" data-id=\"75f5d2a\" data-element_type=\"widget\" data-e-type=\"widget\" data-widget_type=\"image.default\">\n\t\t\t\t<div class=\"elementor-widget-container\">\n\t\t\t\t\t\t\t\t\t\t\t\t\t\t\t<img fetchpriority=\"high\" decoding=\"async\" width=\"1000\" height=\"1000\" src=\"https:\/\/www.masalo.shop\/wp-content\/uploads\/2025\/08\/1.jpg\" class=\"attachment-large size-large wp-image-7482\" alt=\"Mankiet Masalo: skuteczna pomoc w przypadku \u0142okcia tenisisty i \u0142okcia golfisty\" srcset=\"https:\/\/www.masalo.shop\/wp-content\/uploads\/2025\/08\/1.jpg 1000w, https:\/\/www.masalo.shop\/wp-content\/uploads\/2025\/08\/1-300x300.jpg 300w, https:\/\/www.masalo.shop\/wp-content\/uploads\/2025\/08\/1-150x150.jpg 150w, https:\/\/www.masalo.shop\/wp-content\/uploads\/2025\/08\/1-768x768.jpg 768w, https:\/\/www.masalo.shop\/wp-content\/uploads\/2025\/08\/1-12x12.jpg 12w, https:\/\/www.masalo.shop\/wp-content\/uploads\/2025\/08\/1-700x700.jpg 700w, https:\/\/www.masalo.shop\/wp-content\/uploads\/2025\/08\/1-990x990.jpg 990w, https:\/\/www.masalo.shop\/wp-content\/uploads\/2025\/08\/1-441x441.jpg 441w, https:\/\/www.masalo.shop\/wp-content\/uploads\/2025\/08\/1-100x100.jpg 100w, https:\/\/www.masalo.shop\/wp-content\/uploads\/2025\/08\/1-800x800.jpg 800w\" sizes=\"(max-width: 1000px) 100vw, 1000px\" title=\"\">\t\t\t\t\t\t\t\t\t\t\t\t\t\t\t<\/div>\n\t\t\t\t<\/div>\n\t\t\t\t<\/div>\n\t\t\t\t\t<\/div>\n\t\t\t\t<\/div>\n\t\t<div class=\"elementor-element elementor-element-ace0929 e-flex e-con-boxed e-con e-parent\" data-id=\"ace0929\" data-element_type=\"container\" data-e-type=\"container\">\n\t\t\t\t\t<div class=\"e-con-inner\">\n\t\t<div class=\"elementor-element elementor-element-0cc838f e-con-full e-flex e-con e-child\" data-id=\"0cc838f\" data-element_type=\"container\" data-e-type=\"container\">\n\t\t\t\t<div class=\"elementor-element elementor-element-05fff7c elementor-widget elementor-widget-image\" data-id=\"05fff7c\" data-element_type=\"widget\" data-e-type=\"widget\" data-widget_type=\"image.default\">\n\t\t\t\t<div class=\"elementor-widget-container\">\n\t\t\t\t\t\t\t\t\t\t\t\t\t\t\t<img decoding=\"async\" width=\"1000\" height=\"1000\" src=\"https:\/\/www.masalo.shop\/wp-content\/uploads\/2025\/08\/2.jpg\" class=\"attachment-large size-large wp-image-7483\" alt=\"Mankiet Masalo: skuteczna pomoc w przypadku \u0142okcia tenisisty i \u0142okcia golfisty\" srcset=\"https:\/\/www.masalo.shop\/wp-content\/uploads\/2025\/08\/2.jpg 1000w, https:\/\/www.masalo.shop\/wp-content\/uploads\/2025\/08\/2-300x300.jpg 300w, https:\/\/www.masalo.shop\/wp-content\/uploads\/2025\/08\/2-150x150.jpg 150w, https:\/\/www.masalo.shop\/wp-content\/uploads\/2025\/08\/2-768x768.jpg 768w, https:\/\/www.masalo.shop\/wp-content\/uploads\/2025\/08\/2-12x12.jpg 12w, https:\/\/www.masalo.shop\/wp-content\/uploads\/2025\/08\/2-700x700.jpg 700w, https:\/\/www.masalo.shop\/wp-content\/uploads\/2025\/08\/2-990x990.jpg 990w, https:\/\/www.masalo.shop\/wp-content\/uploads\/2025\/08\/2-441x441.jpg 441w, https:\/\/www.masalo.shop\/wp-content\/uploads\/2025\/08\/2-100x100.jpg 100w, https:\/\/www.masalo.shop\/wp-content\/uploads\/2025\/08\/2-800x800.jpg 800w\" sizes=\"(max-width: 1000px) 100vw, 1000px\" title=\"\">\t\t\t\t\t\t\t\t\t\t\t\t\t\t\t<\/div>\n\t\t\t\t<\/div>\n\t\t\t\t<\/div>\n\t\t<div class=\"elementor-element elementor-element-d23bf39 e-con-full e-flex e-con e-child\" data-id=\"d23bf39\" data-element_type=\"container\" data-e-type=\"container\">\n\t\t\t\t<div class=\"elementor-element elementor-element-3b49c76 elementor-widget elementor-widget-text-editor\" data-id=\"3b49c76\" data-element_type=\"widget\" data-e-type=\"widget\" data-widget_type=\"text-editor.default\">\n\t\t\t\t<div class=\"elementor-widget-container\">\n\t\t\t\t\t\t\t\t\t<p>Dzi\u0119ki unikalnej i opatentowanej konstrukcji pasek na rami\u0119 pozostaje na swoim miejscu przy ka\u017cdym ruchu. Dodatkowy element z silikonowymi \u0107wiekami po wewn\u0119trznej stronie zapobiega zsuwaniu si\u0119 paska.<br \/>Si\u0142y rozci\u0105gaj\u0105ce s\u0105 zmniejszane lub ca\u0142kowicie zatrzymywane przez zasad\u0119 przeciwci\u0105gania, a dotkni\u0119ty obszar jest odci\u0105\u017cony. Ujemne si\u0142y rozci\u0105gaj\u0105ce s\u0105 przekierowywane do paska ramienia i nieszkodliwe. Daje to uszkodzonym \u015bci\u0119gnom szans\u0119 na wygojenie, chocia\u017c rami\u0119 mo\u017ce by\u0107 nadal u\u017cywane i obci\u0105\u017cane.<\/p><p>Mankiet Masalo\u00ae nie dzia\u0142a na zasadzie kompresji (ucisku) i dlatego mo\u017ce by\u0107 noszony na sta\u0142e. Zapewniaj\u0105c kr\u0105\u017cenie krwi, proces gojenia mo\u017ce by\u0107 pozytywnie wspierany, a rami\u0119 jest podtrzymywane i odci\u0105\u017cane nawet w nocy.<\/p>\t\t\t\t\t\t\t\t<\/div>\n\t\t\t\t<\/div>\n\t\t\t\t<\/div>\n\t\t\t\t\t<\/div>\n\t\t\t\t<\/div>\n\t\t\t\t<\/div>","protected":false},"excerpt":{"rendered":"<p>Funktion der Masalo\u00ae Manschette Die Masalo\u00ae Manschette MED arbeitet mit dem Masalo\u00ae Gegenzug-Wirkprinzip, welches immer noch einzigartig im Bereich der Epicondylitis-Hilfsmittel ist. Korrekt angelegt sorgt unsere Manschette f\u00fcr eine sofortige Entlastung der verletzten Sehnenans\u00e4tze, der Arm kann wieder eingesetzt werden. \u00dcber 80.000 Kunden konnten ihre Verletzung mit unserer Hilfe so bereits besiegen. Die komfortable Unterarmmanschette [&hellip;]<\/p>\n","protected":false},"author":1,"featured_media":0,"parent":7796,"menu_order":0,"comment_status":"closed","ping_status":"closed","template":"template-canvas.php","meta":{"footnotes":""},"class_list":["post-7867","page","type-page","status-publish","hentry"],"_links":{"self":[{"href":"https:\/\/www.masalo.shop\/pl\/wp-json\/wp\/v2\/pages\/7867","targetHints":{"allow":["GET"]}}],"collection":[{"href":"https:\/\/www.masalo.shop\/pl\/wp-json\/wp\/v2\/pages"}],"about":[{"href":"https:\/\/www.masalo.shop\/pl\/wp-json\/wp\/v2\/types\/page"}],"author":[{"embeddable":true,"href":"https:\/\/www.masalo.shop\/pl\/wp-json\/wp\/v2\/users\/1"}],"replies":[{"embeddable":true,"href":"https:\/\/www.masalo.shop\/pl\/wp-json\/wp\/v2\/comments?post=7867"}],"version-history":[{"count":0,"href":"https:\/\/www.masalo.shop\/pl\/wp-json\/wp\/v2\/pages\/7867\/revisions"}],"up":[{"embeddable":true,"href":"https:\/\/www.masalo.shop\/pl\/wp-json\/wp\/v2\/pages\/7796"}],"wp:attachment":[{"href":"https:\/\/www.masalo.shop\/pl\/wp-json\/wp\/v2\/media?parent=7867"}],"curies":[{"name":"wp","href":"https:\/\/api.w.org\/{rel}","templated":true}]}}